{"id":146,"date":"2021-05-11T05:32:04","date_gmt":"2021-05-11T03:32:04","guid":{"rendered":"https:\/\/demo.wordpress.ctoutvert.com\/?page_id=146"},"modified":"2026-02-17T15:33:56","modified_gmt":"2026-02-17T14:33:56","slug":"tarifs-et-disponibilites","status":"publish","type":"page","link":"https:\/\/demo.wordpress.ctoutvert.com\/?page_id=146","title":{"rendered":"Tarifs &#038; Disponibilit\u00e9s"},"content":{"rendered":"\t\t<div data-elementor-type=\"wp-page\" data-elementor-id=\"146\" class=\"elementor elementor-146\">\n\t\t\t\t\t\t<section class=\"elementor-section elementor-top-section elementor-element elementor-element-e059ce7 elementor-section-boxed elementor-section-height-default elementor-section-height-default\" data-id=\"e059ce7\" data-element_type=\"section\" data-settings=\"{&quot;background_background&quot;:&quot;classic&quot;}\">\n\t\t\t\t\t\t\t<div class=\"elementor-background-overlay\"><\/div>\n\t\t\t\t\t\t\t<div class=\"elementor-container elementor-column-gap-default\">\n\t\t\t\t\t<div class=\"elementor-column elementor-col-100 elementor-top-column elementor-element elementor-element-363bcf8\" data-id=\"363bcf8\" data-element_type=\"column\">\n\t\t\t<div class=\"elementor-widget-wrap elementor-element-populated\">\n\t\t\t\t\t\t<div class=\"elementor-element elementor-element-1ccfb59 elementor-widget__width-initial elementor-widget elementor-widget-heading\" data-id=\"1ccfb59\" data-element_type=\"widget\" data-widget_type=\"heading.default\">\n\t\t\t\t<div class=\"elementor-widget-container\">\n\t\t\t\t\t<h1 class=\"elementor-heading-title elementor-size-default\">Site d\u00e9mo <br>\nWidget Tarifs et disponibilit\u00e9s<\/h1>\t\t\t\t<\/div>\n\t\t\t\t<\/div>\n\t\t\t\t<div class=\"elementor-element elementor-element-28fd140 elementor-widget elementor-widget-text-editor\" data-id=\"28fd140\" data-element_type=\"widget\" data-widget_type=\"text-editor.default\">\n\t\t\t\t<div class=\"elementor-widget-container\">\n\t\t\t\t\t\t\t\t\t<p>Tous nos widgets sont inclus dans votre abonnement Pack Individuel Premium, nous vous pr\u00e9sentons diff\u00e9rentes utilisations de ces widgets, comme inspiration pour votre propre site internet.<\/p>\t\t\t\t\t\t\t\t<\/div>\n\t\t\t\t<\/div>\n\t\t\t\t\t<\/div>\n\t\t<\/div>\n\t\t\t\t\t<\/div>\n\t\t<\/section>\n\t\t<div class=\"elementor-element elementor-element-50d8be2 e-flex e-con-boxed e-con e-parent\" data-id=\"50d8be2\" data-element_type=\"container\" data-settings=\"{&quot;background_background&quot;:&quot;classic&quot;}\">\n\t\t\t\t\t<div class=\"e-con-inner\">\n\t\t\t\t<div class=\"elementor-element elementor-element-7025f13 elementor-widget elementor-widget-html\" data-id=\"7025f13\" data-element_type=\"widget\" data-widget_type=\"html.default\">\n\t\t\t\t<div class=\"elementor-widget-container\">\n\t\t\t\t\t<ctv-searchbar ><\/ctv-searchbar>\t\t\t\t<\/div>\n\t\t\t\t<\/div>\n\t\t\t\t<div class=\"elementor-element elementor-element-8c56432 elementor-widget elementor-widget-html\" data-id=\"8c56432\" data-element_type=\"widget\" data-widget_type=\"html.default\">\n\t\t\t\t<div class=\"elementor-widget-container\">\n\t\t\t\t\t<!-- Secureholiday Chatbot -->\n<script src=\"https:\/\/chatbot.secureholiday.net\/api\/widget?id=40000000-0000-0000-0000-000000000000\"><\/script>\t\t\t\t<\/div>\n\t\t\t\t<\/div>\n\t\t\t\t\t<\/div>\n\t\t\t\t<\/div>\n\t\t\t\t<section class=\"elementor-section elementor-top-section elementor-element elementor-element-dec0ec2 elementor-section-boxed elementor-section-height-default elementor-section-height-default\" data-id=\"dec0ec2\" data-element_type=\"section\" data-settings=\"{&quot;background_background&quot;:&quot;classic&quot;}\">\n\t\t\t\t\t\t<div class=\"elementor-container elementor-column-gap-default\">\n\t\t\t\t\t<div class=\"elementor-column elementor-col-100 elementor-top-column elementor-element elementor-element-9a01cc8\" data-id=\"9a01cc8\" data-element_type=\"column\">\n\t\t\t<div class=\"elementor-widget-wrap elementor-element-populated\">\n\t\t\t\t\t\t<div class=\"elementor-element elementor-element-a99d08b elementor-widget elementor-widget-html\" data-id=\"a99d08b\" data-element_type=\"widget\" data-widget_type=\"html.default\">\n\t\t\t\t<div class=\"elementor-widget-container\">\n\t\t\t\t\t<ctv-search data-float=\"true\" data-modal-position=\"left\" ><\/ctv-search>\t\t\t\t<\/div>\n\t\t\t\t<\/div>\n\t\t\t\t<div class=\"elementor-element elementor-element-5a320d9 elementor-widget__width-initial elementor-widget-tablet__width-initial elementor-widget-mobile__width-inherit elementor-widget elementor-widget-image-box\" data-id=\"5a320d9\" data-element_type=\"widget\" data-widget_type=\"image-box.default\">\n\t\t\t\t<div class=\"elementor-widget-container\">\n\t\t\t\t\t<div class=\"elementor-image-box-wrapper\"><div class=\"elementor-image-box-content\"><h2 class=\"elementor-image-box-title\">Toutes nos disponibilit\u00e9s en ao\u00fbt<\/h2><p class=\"elementor-image-box-description\">Widget n. 2 - <i>\"Tarifs et disponibilit\u00e9s\"<\/i> sur tous les locatifs, au mois d'ao\u00fbt, coupl\u00e9 au widget n. 7 <i>\"Recherche int\u00e9gr\u00e9e\" <\/i>pour un ouverture en surimpression de votre site.<\/p><\/div><\/div>\t\t\t\t<\/div>\n\t\t\t\t<\/div>\n\t\t\t\t<section class=\"elementor-section elementor-inner-section elementor-element elementor-element-15de5f8 elementor-section-boxed elementor-section-height-default elementor-section-height-default\" data-id=\"15de5f8\" data-element_type=\"section\">\n\t\t\t\t\t\t<div class=\"elementor-container elementor-column-gap-no\">\n\t\t\t\t\t<div class=\"elementor-column elementor-col-100 elementor-inner-column elementor-element elementor-element-3368d9b\" data-id=\"3368d9b\" data-element_type=\"column\">\n\t\t\t<div class=\"elementor-widget-wrap elementor-element-populated\">\n\t\t\t\t\t\t<div class=\"elementor-element elementor-element-be9915d elementor-widget elementor-widget-html\" data-id=\"be9915d\" data-element_type=\"widget\" data-widget_type=\"html.default\">\n\t\t\t\t<div class=\"elementor-widget-container\">\n\t\t\t\t\t<ctv-availability data-show-full-months=\"true\" data-background-color=\"#FFFFFFFF\" data-month=\"08\" ><\/ctv-availability>\t\t\t\t<\/div>\n\t\t\t\t<\/div>\n\t\t\t\t\t<\/div>\n\t\t<\/div>\n\t\t\t\t\t<\/div>\n\t\t<\/section>\n\t\t\t\t\t<\/div>\n\t\t<\/div>\n\t\t\t\t\t<\/div>\n\t\t<\/section>\n\t\t\t\t<section class=\"elementor-section elementor-top-section elementor-element elementor-element-e5f0bbb elementor-section-boxed elementor-section-height-default elementor-section-height-default\" data-id=\"e5f0bbb\" data-element_type=\"section\" data-settings=\"{&quot;background_background&quot;:&quot;classic&quot;}\">\n\t\t\t\t\t\t<div class=\"elementor-container elementor-column-gap-default\">\n\t\t\t\t\t<div class=\"elementor-column elementor-col-100 elementor-top-column elementor-element elementor-element-916cd4b\" data-id=\"916cd4b\" data-element_type=\"column\">\n\t\t\t<div class=\"elementor-widget-wrap elementor-element-populated\">\n\t\t\t\t\t\t<div class=\"elementor-element elementor-element-c3374a6 elementor-widget elementor-widget-html\" data-id=\"c3374a6\" data-element_type=\"widget\" data-widget_type=\"html.default\">\n\t\t\t\t<div class=\"elementor-widget-container\">\n\t\t\t\t\t<ctv-search data-float=\"true\" data-modal-position=\"left\" ><\/ctv-search>\t\t\t\t<\/div>\n\t\t\t\t<\/div>\n\t\t\t\t<div class=\"elementor-element elementor-element-92d694f elementor-widget__width-initial elementor-widget-tablet__width-initial elementor-widget-mobile__width-inherit elementor-widget elementor-widget-image-box\" data-id=\"92d694f\" data-element_type=\"widget\" data-widget_type=\"image-box.default\">\n\t\t\t\t<div class=\"elementor-widget-container\">\n\t\t\t\t\t<div class=\"elementor-image-box-wrapper\"><div class=\"elementor-image-box-content\"><h2 class=\"elementor-image-box-title\">Tarifs &amp; Disponibilit\u00e9s<\/h2><p class=\"elementor-image-box-description\">Widget n. 2 - <i>\"Tarifs et disponibilit\u00e9s\"<\/i> coupl\u00e9 au widget n. 7 <i>\"Recherche int\u00e9gr\u00e9e\" <\/i>pour un ouverture en surimpression de votre site.<\/p><\/div><\/div>\t\t\t\t<\/div>\n\t\t\t\t<\/div>\n\t\t\t\t<section class=\"elementor-section elementor-inner-section elementor-element elementor-element-3de30fe elementor-section-boxed elementor-section-height-default elementor-section-height-default\" data-id=\"3de30fe\" data-element_type=\"section\">\n\t\t\t\t\t\t<div class=\"elementor-container elementor-column-gap-no\">\n\t\t\t\t\t<div class=\"elementor-column elementor-col-50 elementor-inner-column elementor-element elementor-element-5efb3bd\" data-id=\"5efb3bd\" data-element_type=\"column\">\n\t\t\t<div class=\"elementor-widget-wrap elementor-element-populated\">\n\t\t\t\t\t\t<div class=\"elementor-element elementor-element-955ce5e elementor-widget elementor-widget-image\" data-id=\"955ce5e\" data-element_type=\"widget\" data-widget_type=\"image.default\">\n\t\t\t\t<div class=\"elementor-widget-container\">\n\t\t\t\t\t\t\t\t\t\t\t\t\t\t\t<img fetchpriority=\"high\" decoding=\"async\" width=\"477\" height=\"478\" src=\"https:\/\/demo.wordpress.ctoutvert.com\/wp-content\/uploads\/2023\/09\/mobil-home-grand-confort.png\" class=\"attachment-full size-full wp-image-452\" alt=\"\" srcset=\"https:\/\/demo.wordpress.ctoutvert.com\/wp-content\/uploads\/2023\/09\/mobil-home-grand-confort.png 477w, https:\/\/demo.wordpress.ctoutvert.com\/wp-content\/uploads\/2023\/09\/mobil-home-grand-confort-300x300.png 300w, https:\/\/demo.wordpress.ctoutvert.com\/wp-content\/uploads\/2023\/09\/mobil-home-grand-confort-150x150.png 150w\" sizes=\"(max-width: 477px) 100vw, 477px\" \/>\t\t\t\t\t\t\t\t\t\t\t\t\t\t\t<\/div>\n\t\t\t\t<\/div>\n\t\t\t\t<div class=\"elementor-element elementor-element-4cd6f90 elementor-widget elementor-widget-image-box\" data-id=\"4cd6f90\" data-element_type=\"widget\" data-widget_type=\"image-box.default\">\n\t\t\t\t<div class=\"elementor-widget-container\">\n\t\t\t\t\t<div class=\"elementor-image-box-wrapper\"><div class=\"elementor-image-box-content\"><h3 class=\"elementor-image-box-title\">Mobilhome Familial 3 Chambres<\/h3><p class=\"elementor-image-box-description\">Le mobil home de vos r\u00eaves dans un cadre de pleine nature..\n<\/p><\/div><\/div>\t\t\t\t<\/div>\n\t\t\t\t<\/div>\n\t\t\t\t<div class=\"elementor-element elementor-element-9bfe808 animated-slow elementor-invisible elementor-widget elementor-widget-button\" data-id=\"9bfe808\" data-element_type=\"widget\" data-settings=\"{&quot;_animation&quot;:&quot;fadeInLeft&quot;}\" data-widget_type=\"button.default\">\n\t\t\t\t<div class=\"elementor-widget-container\">\n\t\t\t\t\t\t\t\t\t<div class=\"elementor-button-wrapper\">\n\t\t\t\t\t<a class=\"elementor-button elementor-button-link elementor-size-sm elementor-animation-grow\" href=\"https:\/\/bookingpremium.secureholiday.net\/fr\/4649\/search\/product-view\/33690\">\n\t\t\t\t\t\t<span class=\"elementor-button-content-wrapper\">\n\t\t\t\t\t\t\t\t\t<span class=\"elementor-button-text\">Je r\u00e9serve<\/span>\n\t\t\t\t\t<\/span>\n\t\t\t\t\t<\/a>\n\t\t\t\t<\/div>\n\t\t\t\t\t\t\t\t<\/div>\n\t\t\t\t<\/div>\n\t\t\t\t\t<\/div>\n\t\t<\/div>\n\t\t\t\t<div class=\"elementor-column elementor-col-50 elementor-inner-column elementor-element elementor-element-e1a87e6\" data-id=\"e1a87e6\" data-element_type=\"column\">\n\t\t\t<div class=\"elementor-widget-wrap elementor-element-populated\">\n\t\t\t\t\t\t<div class=\"elementor-element elementor-element-55e0539 elementor-widget elementor-widget-html\" data-id=\"55e0539\" data-element_type=\"widget\" data-widget_type=\"html.default\">\n\t\t\t\t<div class=\"elementor-widget-container\">\n\t\t\t\t\t<ctv-availability data-product-id=\"33692\" data-show-full-months=\"true\" data-background-color=\"#FFFFFFFF\" ><\/ctv-availability>\t\t\t\t<\/div>\n\t\t\t\t<\/div>\n\t\t\t\t\t<\/div>\n\t\t<\/div>\n\t\t\t\t\t<\/div>\n\t\t<\/section>\n\t\t\t\t\t<\/div>\n\t\t<\/div>\n\t\t\t\t\t<\/div>\n\t\t<\/section>\n\t\t\t\t<section class=\"elementor-section elementor-top-section elementor-element elementor-element-7fd3348 elementor-section-full_width elementor-section-height-default elementor-section-height-default\" data-id=\"7fd3348\" data-element_type=\"section\" data-settings=\"{&quot;background_background&quot;:&quot;classic&quot;}\">\n\t\t\t\t\t\t<div class=\"elementor-container elementor-column-gap-no\">\n\t\t\t\t\t<div class=\"elementor-column elementor-col-100 elementor-top-column elementor-element elementor-element-5f39cad\" data-id=\"5f39cad\" data-element_type=\"column\">\n\t\t\t<div class=\"elementor-widget-wrap elementor-element-populated\">\n\t\t\t\t\t\t<section class=\"elementor-section elementor-inner-section elementor-element elementor-element-bb49753 elementor-section-full_width elementor-section-height-default elementor-section-height-default\" data-id=\"bb49753\" data-element_type=\"section\">\n\t\t\t\t\t\t<div class=\"elementor-container elementor-column-gap-no\">\n\t\t\t\t\t<div class=\"elementor-column elementor-col-25 elementor-inner-column elementor-element elementor-element-bf9a84b elementor-hidden-phone\" data-id=\"bf9a84b\" data-element_type=\"column\" data-settings=\"{&quot;background_background&quot;:&quot;classic&quot;}\">\n\t\t\t<div class=\"elementor-widget-wrap elementor-element-populated\">\n\t\t\t\t\t\t<div class=\"elementor-element elementor-element-5e6500b elementor-widget elementor-widget-image\" data-id=\"5e6500b\" data-element_type=\"widget\" data-widget_type=\"image.default\">\n\t\t\t\t<div class=\"elementor-widget-container\">\n\t\t\t\t\t\t\t\t\t\t\t\t\t\t\t<img decoding=\"async\" width=\"480\" height=\"500\" src=\"https:\/\/demo.wordpress.ctoutvert.com\/wp-content\/uploads\/2021\/05\/amenities-1.jpg\" class=\"attachment-full size-full wp-image-220\" alt=\"\" srcset=\"https:\/\/demo.wordpress.ctoutvert.com\/wp-content\/uploads\/2021\/05\/amenities-1.jpg 480w, https:\/\/demo.wordpress.ctoutvert.com\/wp-content\/uploads\/2021\/05\/amenities-1-288x300.jpg 288w\" sizes=\"(max-width: 480px) 100vw, 480px\" \/>\t\t\t\t\t\t\t\t\t\t\t\t\t\t\t<\/div>\n\t\t\t\t<\/div>\n\t\t\t\t\t<\/div>\n\t\t<\/div>\n\t\t\t\t<div class=\"elementor-column elementor-col-25 elementor-inner-column elementor-element elementor-element-d9fc147 elementor-hidden-phone\" data-id=\"d9fc147\" data-element_type=\"column\" data-settings=\"{&quot;background_background&quot;:&quot;classic&quot;}\">\n\t\t\t<div class=\"elementor-widget-wrap elementor-element-populated\">\n\t\t\t\t\t\t<div class=\"elementor-element elementor-element-5c0f89b elementor-widget elementor-widget-image\" data-id=\"5c0f89b\" data-element_type=\"widget\" data-widget_type=\"image.default\">\n\t\t\t\t<div class=\"elementor-widget-container\">\n\t\t\t\t\t\t\t\t\t\t\t\t\t\t\t<img decoding=\"async\" width=\"480\" height=\"500\" src=\"https:\/\/demo.wordpress.ctoutvert.com\/wp-content\/uploads\/2021\/05\/amenities-3.jpg\" class=\"attachment-full size-full wp-image-222\" alt=\"\" srcset=\"https:\/\/demo.wordpress.ctoutvert.com\/wp-content\/uploads\/2021\/05\/amenities-3.jpg 480w, https:\/\/demo.wordpress.ctoutvert.com\/wp-content\/uploads\/2021\/05\/amenities-3-288x300.jpg 288w\" sizes=\"(max-width: 480px) 100vw, 480px\" \/>\t\t\t\t\t\t\t\t\t\t\t\t\t\t\t<\/div>\n\t\t\t\t<\/div>\n\t\t\t\t\t<\/div>\n\t\t<\/div>\n\t\t\t\t<div class=\"elementor-column elementor-col-50 elementor-inner-column elementor-element elementor-element-bb841a7\" data-id=\"bb841a7\" data-element_type=\"column\">\n\t\t\t<div class=\"elementor-widget-wrap elementor-element-populated\">\n\t\t\t\t\t<div class=\"elementor-background-overlay\"><\/div>\n\t\t\t\t\t\t<div class=\"elementor-element elementor-element-c5a6db1 elementor-widget elementor-widget-image\" data-id=\"c5a6db1\" data-element_type=\"widget\" data-widget_type=\"image.default\">\n\t\t\t\t<div class=\"elementor-widget-container\">\n\t\t\t\t\t\t\t\t\t\t\t\t\t\t\t<img loading=\"lazy\" decoding=\"async\" width=\"960\" height=\"500\" src=\"https:\/\/demo.wordpress.ctoutvert.com\/wp-content\/uploads\/2021\/05\/amenities-5.jpg\" class=\"attachment-full size-full wp-image-224\" alt=\"\" srcset=\"https:\/\/demo.wordpress.ctoutvert.com\/wp-content\/uploads\/2021\/05\/amenities-5.jpg 960w, https:\/\/demo.wordpress.ctoutvert.com\/wp-content\/uploads\/2021\/05\/amenities-5-300x156.jpg 300w, https:\/\/demo.wordpress.ctoutvert.com\/wp-content\/uploads\/2021\/05\/amenities-5-768x400.jpg 768w\" sizes=\"(max-width: 960px) 100vw, 960px\" \/>\t\t\t\t\t\t\t\t\t\t\t\t\t\t\t<\/div>\n\t\t\t\t<\/div>\n\t\t\t\t\t<\/div>\n\t\t<\/div>\n\t\t\t\t\t<\/div>\n\t\t<\/section>\n\t\t\t\t<section class=\"elementor-section elementor-inner-section elementor-element elementor-element-239c187 elementor-section-full_width elementor-section-height-default elementor-section-height-default\" data-id=\"239c187\" data-element_type=\"section\">\n\t\t\t\t\t\t<div class=\"elementor-container elementor-column-gap-no\">\n\t\t\t\t\t<div class=\"elementor-column elementor-col-50 elementor-inner-column elementor-element elementor-element-19c6593\" data-id=\"19c6593\" data-element_type=\"column\" data-settings=\"{&quot;background_background&quot;:&quot;classic&quot;}\">\n\t\t\t<div class=\"elementor-widget-wrap elementor-element-populated\">\n\t\t\t\t\t\t<div class=\"elementor-element elementor-element-d35303d elementor-widget elementor-widget-image\" data-id=\"d35303d\" data-element_type=\"widget\" data-widget_type=\"image.default\">\n\t\t\t\t<div class=\"elementor-widget-container\">\n\t\t\t\t\t\t\t\t\t\t\t\t\t\t\t<img loading=\"lazy\" decoding=\"async\" width=\"960\" height=\"500\" src=\"https:\/\/demo.wordpress.ctoutvert.com\/wp-content\/uploads\/2021\/05\/amenities-6-1.jpg\" class=\"attachment-full size-full wp-image-230\" alt=\"\" srcset=\"https:\/\/demo.wordpress.ctoutvert.com\/wp-content\/uploads\/2021\/05\/amenities-6-1.jpg 960w, https:\/\/demo.wordpress.ctoutvert.com\/wp-content\/uploads\/2021\/05\/amenities-6-1-300x156.jpg 300w, https:\/\/demo.wordpress.ctoutvert.com\/wp-content\/uploads\/2021\/05\/amenities-6-1-768x400.jpg 768w\" sizes=\"(max-width: 960px) 100vw, 960px\" \/>\t\t\t\t\t\t\t\t\t\t\t\t\t\t\t<\/div>\n\t\t\t\t<\/div>\n\t\t\t\t\t<\/div>\n\t\t<\/div>\n\t\t\t\t<div class=\"elementor-column elementor-col-25 elementor-inner-column elementor-element elementor-element-fe3c966 elementor-hidden-tablet elementor-hidden-phone\" data-id=\"fe3c966\" data-element_type=\"column\" data-settings=\"{&quot;background_background&quot;:&quot;classic&quot;}\">\n\t\t\t<div class=\"elementor-widget-wrap elementor-element-populated\">\n\t\t\t\t\t\t<div class=\"elementor-element elementor-element-91392b7 elementor-widget elementor-widget-image\" data-id=\"91392b7\" data-element_type=\"widget\" data-widget_type=\"image.default\">\n\t\t\t\t<div class=\"elementor-widget-container\">\n\t\t\t\t\t\t\t\t\t\t\t\t\t\t\t<img loading=\"lazy\" decoding=\"async\" width=\"480\" height=\"500\" src=\"https:\/\/demo.wordpress.ctoutvert.com\/wp-content\/uploads\/2021\/05\/amenities-2.jpg\" class=\"attachment-full size-full wp-image-221\" alt=\"\" srcset=\"https:\/\/demo.wordpress.ctoutvert.com\/wp-content\/uploads\/2021\/05\/amenities-2.jpg 480w, https:\/\/demo.wordpress.ctoutvert.com\/wp-content\/uploads\/2021\/05\/amenities-2-288x300.jpg 288w\" sizes=\"(max-width: 480px) 100vw, 480px\" \/>\t\t\t\t\t\t\t\t\t\t\t\t\t\t\t<\/div>\n\t\t\t\t<\/div>\n\t\t\t\t\t<\/div>\n\t\t<\/div>\n\t\t\t\t<div class=\"elementor-column elementor-col-25 elementor-inner-column elementor-element elementor-element-b40c03b elementor-hidden-tablet elementor-hidden-phone\" data-id=\"b40c03b\" data-element_type=\"column\" data-settings=\"{&quot;background_background&quot;:&quot;classic&quot;}\">\n\t\t\t<div class=\"elementor-widget-wrap elementor-element-populated\">\n\t\t\t\t\t\t<div class=\"elementor-element elementor-element-a3a9c50 elementor-widget elementor-widget-image\" data-id=\"a3a9c50\" data-element_type=\"widget\" data-widget_type=\"image.default\">\n\t\t\t\t<div class=\"elementor-widget-container\">\n\t\t\t\t\t\t\t\t\t\t\t\t\t\t\t<img loading=\"lazy\" decoding=\"async\" width=\"480\" height=\"500\" src=\"https:\/\/demo.wordpress.ctoutvert.com\/wp-content\/uploads\/2021\/05\/amenities-4.jpg\" class=\"attachment-full size-full wp-image-223\" alt=\"\" srcset=\"https:\/\/demo.wordpress.ctoutvert.com\/wp-content\/uploads\/2021\/05\/amenities-4.jpg 480w, https:\/\/demo.wordpress.ctoutvert.com\/wp-content\/uploads\/2021\/05\/amenities-4-288x300.jpg 288w\" sizes=\"(max-width: 480px) 100vw, 480px\" \/>\t\t\t\t\t\t\t\t\t\t\t\t\t\t\t<\/div>\n\t\t\t\t<\/div>\n\t\t\t\t\t<\/div>\n\t\t<\/div>\n\t\t\t\t\t<\/div>\n\t\t<\/section>\n\t\t\t\t\t<\/div>\n\t\t<\/div>\n\t\t\t\t\t<\/div>\n\t\t<\/section>\n\t\t\t\t<\/div>\n\t\t","protected":false},"excerpt":{"rendered":"<p>Site d\u00e9mo Widget Tarifs et disponibilit\u00e9s Tous nos widgets sont inclus dans votre abonnement Pack Individuel Premium, nous vous pr\u00e9sentons diff\u00e9rentes utilisations de ces widgets, comme inspiration pour votre propre site internet. Toutes nos disponibilit\u00e9s en ao\u00fbt Widget n. 2 &#8211; \u00ab\u00a0Tarifs et disponibilit\u00e9s\u00a0\u00bb sur tous les locatifs, au mois d&rsquo;ao\u00fbt, coupl\u00e9 au widget n. &hellip;<\/p>\n<p class=\"read-more\"> <a class=\"\" href=\"https:\/\/demo.wordpress.ctoutvert.com\/?page_id=146\"> <span class=\"screen-reader-text\">Tarifs &#038; Disponibilit\u00e9s<\/span> Lire la suite\u00a0\u00bb<\/a><\/p>\n","protected":false},"author":3,"featured_media":0,"parent":0,"menu_order":0,"comment_status":"closed","ping_status":"closed","template":"","meta":{"site-sidebar-layout":"no-sidebar","site-content-layout":"page-builder","ast-site-content-layout":"","site-content-style":"default","site-sidebar-style":"default","ast-global-header-display":"","ast-banner-title-visibility":"","ast-main-header-display":"","ast-hfb-above-header-display":"","ast-hfb-below-header-display":"","ast-hfb-mobile-header-display":"","site-post-title":"disabled","ast-breadcrumbs-content":"","ast-featured-img":"disabled","footer-sml-layout":"","theme-transparent-header-meta":"enabled","adv-header-id-meta":"","stick-header-meta":"","header-above-stick-meta":"","header-main-stick-meta":"","header-below-stick-meta":"","astra-migrate-meta-layouts":"","footnotes":""},"class_list":["post-146","page","type-page","status-publish","hentry"],"_links":{"self":[{"href":"https:\/\/demo.wordpress.ctoutvert.com\/index.php?rest_route=\/wp\/v2\/pages\/146","targetHints":{"allow":["GET"]}}],"collection":[{"href":"https:\/\/demo.wordpress.ctoutvert.com\/index.php?rest_route=\/wp\/v2\/pages"}],"about":[{"href":"https:\/\/demo.wordpress.ctoutvert.com\/index.php?rest_route=\/wp\/v2\/types\/page"}],"author":[{"embeddable":true,"href":"https:\/\/demo.wordpress.ctoutvert.com\/index.php?rest_route=\/wp\/v2\/users\/3"}],"replies":[{"embeddable":true,"href":"https:\/\/demo.wordpress.ctoutvert.com\/index.php?rest_route=%2Fwp%2Fv2%2Fcomments&post=146"}],"version-history":[{"count":60,"href":"https:\/\/demo.wordpress.ctoutvert.com\/index.php?rest_route=\/wp\/v2\/pages\/146\/revisions"}],"predecessor-version":[{"id":1118,"href":"https:\/\/demo.wordpress.ctoutvert.com\/index.php?rest_route=\/wp\/v2\/pages\/146\/revisions\/1118"}],"wp:attachment":[{"href":"https:\/\/demo.wordpress.ctoutvert.com\/index.php?rest_route=%2Fwp%2Fv2%2Fmedia&parent=146"}],"curies":[{"name":"wp","href":"https:\/\/api.w.org\/{rel}","templated":true}]}}